{"id":590,"date":"2025-02-13T15:16:34","date_gmt":"2025-02-13T14:16:34","guid":{"rendered":"https:\/\/arse-rhonealpes.com\/?page_id=590"},"modified":"2025-02-13T15:24:03","modified_gmt":"2025-02-13T14:24:03","slug":"mentions-legales","status":"publish","type":"page","link":"https:\/\/arse-rhonealpes.com\/?page_id=590","title":{"rendered":"Mentions l\u00e9gales"},"content":{"rendered":"\n<h2 class=\"wp-block-heading\">Association R\u00e9gionale de Socio-Esth\u00e9tique (ARSE) Rh\u00f4ne-Alpes<\/h2>\n\n\n\n<figure class=\"wp-block-image aligncenter size-large is-resized\"><img loading=\"lazy\" decoding=\"async\" width=\"815\" height=\"1024\" src=\"https:\/\/arse-rhonealpes.com\/wp-content\/uploads\/2025\/02\/cropped-logo-redimensionne-815x1024.png\" alt=\"\" class=\"wp-image-428\" style=\"width:255px;height:auto\" srcset=\"https:\/\/arse-rhonealpes.com\/wp-content\/uploads\/2025\/02\/cropped-logo-redimensionne-815x1024.png 815w, https:\/\/arse-rhonealpes.com\/wp-content\/uploads\/2025\/02\/cropped-logo-redimensionne-239x300.png 239w, https:\/\/arse-rhonealpes.com\/wp-content\/uploads\/2025\/02\/cropped-logo-redimensionne-768x965.png 768w, https:\/\/arse-rhonealpes.com\/wp-content\/uploads\/2025\/02\/cropped-logo-redimensionne-859x1080.png 859w, https:\/\/arse-rhonealpes.com\/wp-content\/uploads\/2025\/02\/cropped-logo-redimensionne.png 954w\" sizes=\"auto, (max-width: 815px) 100vw, 815px\" \/><\/figure>\n\n\n\n<h2 class=\"wp-block-heading\" style=\"font-size:38px;line-height:1.4\">1. Editeur du site<\/h2>\n\n\n\n<div class=\"wp-block-columns is-layout-flex wp-container-core-columns-is-layout-28f84493 wp-block-columns-is-layout-flex\">\n<div class=\"wp-block-column is-layout-flow wp-block-column-is-layout-flow\">\n<p style=\"font-size:18px\">Le pr\u00e9sent site, accessible \u00e0 l\u2019adresse <strong><a href=\"http:\/\/www.arse-rhonealpes.com\">www.arse-rhonealpes.com<\/a><\/strong>, est \u00e9dit\u00e9 par :<\/p>\n\n\n\n<p style=\"font-size:18px\"><strong>Nom de l\u2019association<\/strong> : ARSE Rh\u00f4ne-Alpes <em>(Association R\u00e9gionale de Socio-Esth\u00e9tique)<\/em> Rh\u00f4ne-Alpes<br><strong>Statut juridique<\/strong> : Association loi 1901<br><strong>Si\u00e8ge social<\/strong> : 36 Route des hauts de la Besse &#8211; 07340 PEAUGRES<br><strong>Num\u00e9ro SIRET<\/strong> : 930 628 961 00011<br><strong>Num\u00e9ro RNA<\/strong> : W69 105 459 1<br><strong>Email de contact<\/strong> : contact@arse-rhonealpes.com<br><strong>T\u00e9l\u00e9phone<\/strong> : &#8211;<br><strong>Directeur de la publication<\/strong> : Silvia Van Berkel <\/p>\n\n\n\n<p style=\"font-size:18px\"><\/p>\n<\/div>\n<\/div>\n\n\n\n<h2 class=\"wp-block-heading\" style=\"font-size:38px;line-height:1.4\"><strong>2. H\u00e9bergement du site<\/strong><\/h2>\n\n\n\n<p>Le site est h\u00e9berg\u00e9 par :<\/p>\n\n\n\n<p><strong>Nom de l\u2019h\u00e9bergeur<\/strong> :  OVH<br><strong>Adresse<\/strong> : Si\u00e8ge social : 2 rue Kellermann &#8211; 59100 Roubaix &#8211; France<br><strong>Site web<\/strong> : <a href=\"https:\/\/www.ovhcloud.com\/fr\/\">[URL de l\u2019h\u00e9bergeur]<\/a><\/p>\n\n\n\n<h2 class=\"wp-block-heading\" style=\"font-size:38px;line-height:1.4\"><strong><strong>3. Propri\u00e9t\u00e9 intellectuelle<\/strong><\/strong><\/h2>\n\n\n\n<p>L\u2019ensemble du contenu du site <strong><a href=\"http:\/\/www.arse-rhonealpes.com\">www.arse-rhonealpes.com<\/a><\/strong> (textes, images, logos, graphismes, etc.) est prot\u00e9g\u00e9 par le droit de la propri\u00e9t\u00e9 intellectuelle. Toute reproduction, distribution ou modification sans autorisation \u00e9crite pr\u00e9alable est interdite.<\/p>\n\n\n\n<h2 class=\"wp-block-heading\" style=\"font-size:38px;line-height:1.4\"><strong><strong><strong>4. Protection des donn\u00e9es personnelles<\/strong><\/strong><\/strong><\/h2>\n\n\n\n<p>L\u2019association ARSE Rh\u00f4ne-Alpes s\u2019engage \u00e0 respecter la r\u00e9glementation en vigueur en mati\u00e8re de protection des donn\u00e9es personnelles (<strong>RGPD<\/strong>).<\/p>\n\n\n\n<p>Les informations collect\u00e9es via le site (formulaire de contact, inscription, etc.) sont utilis\u00e9es uniquement dans le cadre de la relation avec l\u2019utilisateur. Conform\u00e9ment \u00e0 la loi Informatique et Libert\u00e9s du 6 janvier 1978 modifi\u00e9e et au RGPD, vous disposez d\u2019un droit d\u2019acc\u00e8s, de rectification et de suppression de vos donn\u00e9es.<\/p>\n\n\n\n<p>Pour exercer ces droits, vous pouvez nous contacter \u00e0 : contact@arse-rhonealpes.com .<\/p>\n\n\n\n<h2 class=\"wp-block-heading\" style=\"font-size:38px;line-height:1.4\"><strong><strong><strong><strong>5. Responsabilit\u00e9<\/strong><\/strong><\/strong><\/strong><\/h2>\n\n\n\n<p>L\u2019association ARSE Rh\u00f4ne-Alpes s\u2019efforce de fournir des informations pr\u00e9cises et mises \u00e0 jour sur son site. Toutefois, elle ne saurait \u00eatre tenue responsable des erreurs ou omissions, ni d\u2019\u00e9ventuels dommages li\u00e9s \u00e0 l\u2019utilisation du site.<\/p>\n\n\n\n<h2 class=\"wp-block-heading\" style=\"font-size:38px;line-height:1.4\"><strong><strong><strong><strong><strong>6. Liens externes<\/strong><\/strong><\/strong><\/strong><\/strong><\/h2>\n\n\n\n<p>Le site peut contenir des liens vers des sites tiers. L\u2019association ARSE Rh\u00f4ne-Alpes n\u2019a aucun contr\u00f4le sur ces sites et ne peut \u00eatre tenue responsable de leur contenu.<\/p>\n\n\n\n<h2 class=\"wp-block-heading\" style=\"font-size:38px;line-height:1.4\"><strong><strong><strong><strong><strong><strong>7. Cookies<\/strong><\/strong><\/strong><\/strong><\/strong><\/strong><\/h2>\n\n\n\n<p>Le site peut utiliser des cookies pour am\u00e9liorer l\u2019exp\u00e9rience utilisateur. Vous pouvez g\u00e9rer vos pr\u00e9f\u00e9rences en mati\u00e8re de cookies via les param\u00e8tres de votre navigateur.<\/p>\n\n\n\n<h2 class=\"wp-block-heading\" style=\"font-size:38px;line-height:1.4\"><strong><strong><strong><strong><strong><strong><strong>8. Droit applicable<\/strong><\/strong><\/strong><\/strong><\/strong><\/strong><\/strong><\/h2>\n\n\n\n<p>Les pr\u00e9sentes mentions l\u00e9gales sont r\u00e9gies par le droit fran\u00e7ais. En cas de litige, les tribunaux fran\u00e7ais seront comp\u00e9tents.<\/p>\n\n\n\n<h2 class=\"wp-block-heading\"><\/h2>\n\n\n\n<p><\/p>\n","protected":false},"excerpt":{"rendered":"<p>Association R\u00e9gionale de Socio-Esth\u00e9tique (ARSE) Rh\u00f4ne-Alpes 1. Editeur du site Le pr\u00e9sent site, accessible \u00e0 l\u2019adresse www.arse-rhonealpes.com, est \u00e9dit\u00e9 par : Nom de l\u2019association : ARSE Rh\u00f4ne-Alpes (Association R\u00e9gionale de Socio-Esth\u00e9tique) Rh\u00f4ne-AlpesStatut juridique : Association loi 1901Si\u00e8ge social : 36 Route des hauts de la Besse &#8211; 07340 PEAUGRESNum\u00e9ro SIRET : 930 628 961 00011Num\u00e9ro [&hellip;]<\/p>\n","protected":false},"author":1,"featured_media":0,"parent":0,"menu_order":0,"comment_status":"closed","ping_status":"closed","template":"","meta":{"footnotes":""},"class_list":["post-590","page","type-page","status-publish","hentry"],"_links":{"self":[{"href":"https:\/\/arse-rhonealpes.com\/index.php?rest_route=\/wp\/v2\/pages\/590","targetHints":{"allow":["GET"]}}],"collection":[{"href":"https:\/\/arse-rhonealpes.com\/index.php?rest_route=\/wp\/v2\/pages"}],"about":[{"href":"https:\/\/arse-rhonealpes.com\/index.php?rest_route=\/wp\/v2\/types\/page"}],"author":[{"embeddable":true,"href":"https:\/\/arse-rhonealpes.com\/index.php?rest_route=\/wp\/v2\/users\/1"}],"replies":[{"embeddable":true,"href":"https:\/\/arse-rhonealpes.com\/index.php?rest_route=%2Fwp%2Fv2%2Fcomments&post=590"}],"version-history":[{"count":2,"href":"https:\/\/arse-rhonealpes.com\/index.php?rest_route=\/wp\/v2\/pages\/590\/revisions"}],"predecessor-version":[{"id":597,"href":"https:\/\/arse-rhonealpes.com\/index.php?rest_route=\/wp\/v2\/pages\/590\/revisions\/597"}],"wp:attachment":[{"href":"https:\/\/arse-rhonealpes.com\/index.php?rest_route=%2Fwp%2Fv2%2Fmedia&parent=590"}],"curies":[{"name":"wp","href":"https:\/\/api.w.org\/{rel}","templated":true}]}}