{"id":52,"date":"2018-11-28T12:54:33","date_gmt":"2018-11-28T11:54:33","guid":{"rendered":"http:\/\/arse-rhonealpes.com\/?page_id=52"},"modified":"2025-12-18T09:13:18","modified_gmt":"2025-12-18T08:13:18","slug":"contact","status":"publish","type":"page","link":"https:\/\/arse-rhonealpes.com\/?page_id=52","title":{"rendered":"Contact"},"content":{"rendered":"\n<div class=\"wp-block-group alignfull is-layout-flow wp-container-core-group-is-layout-a70f80f3 wp-block-group-is-layout-flow\" style=\"margin-top:0;margin-bottom:0;padding-top:0;padding-bottom:0\">\n<div class=\"wp-block-cover\" style=\"padding-top:var(--wp--preset--spacing--xx-large);padding-right:var(--wp--preset--spacing--x-small);padding-bottom:var(--wp--preset--spacing--xx-large);padding-left:var(--wp--preset--spacing--x-small);min-height:50px;aspect-ratio:unset;\"><img loading=\"lazy\" decoding=\"async\" width=\"1200\" height=\"1200\" class=\"wp-block-cover__image-background wp-image-416\" alt=\"\" src=\"https:\/\/arse-rhonealpes.com\/wp-content\/uploads\/2025\/02\/arse-rhone-alpes-socio-estheticienne.png\" data-object-fit=\"cover\" srcset=\"https:\/\/arse-rhonealpes.com\/wp-content\/uploads\/2025\/02\/arse-rhone-alpes-socio-estheticienne.png 1200w, https:\/\/arse-rhonealpes.com\/wp-content\/uploads\/2025\/02\/arse-rhone-alpes-socio-estheticienne-300x300.png 300w, https:\/\/arse-rhonealpes.com\/wp-content\/uploads\/2025\/02\/arse-rhone-alpes-socio-estheticienne-1024x1024.png 1024w, https:\/\/arse-rhonealpes.com\/wp-content\/uploads\/2025\/02\/arse-rhone-alpes-socio-estheticienne-150x150.png 150w, https:\/\/arse-rhonealpes.com\/wp-content\/uploads\/2025\/02\/arse-rhone-alpes-socio-estheticienne-768x768.png 768w, https:\/\/arse-rhonealpes.com\/wp-content\/uploads\/2025\/02\/arse-rhone-alpes-socio-estheticienne-1080x1080.png 1080w\" sizes=\"auto, (max-width: 1200px) 100vw, 1200px\" \/><span aria-hidden=\"true\" class=\"wp-block-cover__background has-pure-black-background-color has-background-dim-80 has-background-dim\"><\/span><div class=\"wp-block-cover__inner-container has-global-padding is-layout-constrained wp-container-core-cover-is-layout-429943f4 wp-block-cover-is-layout-constrained\">\n<div class=\"wp-block-columns are-vertically-aligned-center is-layout-flex wp-container-core-columns-is-layout-abc2cfea wp-block-columns-is-layout-flex\">\n<div class=\"wp-block-column is-vertically-aligned-center is-layout-flow wp-container-core-column-is-layout-fd134cff wp-block-column-is-layout-flow\" style=\"padding-right:0;padding-left:0;flex-basis:66.66%\">\n<div class=\"wp-block-group is-content-justification-left is-nowrap is-layout-flex wp-container-core-group-is-layout-0516e1e3 wp-block-group-is-layout-flex\" style=\"margin-bottom:var(--wp--preset--spacing--x-small)\">\n<h6 class=\"wp-block-heading has-pure-white-color has-text-color has-link-color has-x-small-font-size wp-elements-c81a0f9566cab9700dd00b6d6a38fdb1\" style=\"font-style:normal;font-weight:600\">A.R.S.E Rh\u00f4ne-Alpes<\/h6>\n\n\n\n<hr class=\"wp-block-separator has-text-color has-secondary-color has-alpha-channel-opacity has-secondary-background-color has-background wp-container-content-e1bb55cb\" style=\"margin-top:0;margin-bottom:0\"\/>\n<\/div>\n\n\n\n<h2 class=\"wp-block-heading has-text-align-left has-pure-white-color has-text-color has-link-color wp-elements-225bbf44db1a9f28673e9382ce543f0c\" style=\"margin-bottom:var(--wp--preset--spacing--x-small);font-style:normal;font-weight:700;line-height:1.1\">Contact<\/h2>\n\n\n\n<p style=\"margin-top:0;margin-right:0;margin-bottom:0;margin-left:0\">L&rsquo;A.R.S.E Rh\u00f4ne-Alpes est une association de regroupement de cons\u0153urs socio-esth\u00e9ticiennes, qui exercent dans la r\u00e9gion Rh\u00f4ne-Alpes.<\/p>\n\n\n\n<p>Si vous recherchez une professionnelle pour votre \u00e9tablissement, nous vous invitons \u00e0 vous reporter \u00e0 l&rsquo;annuaire professionnel ci-dessous.<br><br>Pour toute autre demande, remplissez le formulaire de contact ci-dessous<\/p>\n\n\n\n<div class=\"wp-block-columns is-layout-flex wp-container-core-columns-is-layout-68e3f06c wp-block-columns-is-layout-flex\" style=\"margin-top:var(--wp--preset--spacing--medium)\">\n<div class=\"wp-block-column is-layout-flow wp-block-column-is-layout-flow\">\n<div class=\"wp-block-group is-content-justification-left is-nowrap is-layout-flex wp-container-core-group-is-layout-5e3cdcb3 wp-block-group-is-layout-flex\">\n<div class=\"wp-block-group has-global-padding is-layout-constrained wp-block-group-is-layout-constrained\">\n<h2 class=\"wp-block-heading has-pure-white-color has-text-color has-link-color wp-elements-5dfbfe68a247441097e17a04f1a562ca\" style=\"font-style:normal;font-weight:800;line-height:1\"><\/h2>\n\n\n\n<p class=\"has-x-small-font-size\" style=\"font-style:normal;font-weight:500;line-height:1\"><\/p>\n<\/div>\n\n\n\n<div class=\"wp-block-group has-global-padding is-layout-constrained wp-block-group-is-layout-constrained\">\n<h2 class=\"wp-block-heading has-pure-white-color has-text-color has-link-color wp-elements-5dfbfe68a247441097e17a04f1a562ca\" style=\"font-style:normal;font-weight:800;line-height:1\"><\/h2>\n\n\n\n<p class=\"has-x-small-font-size\" style=\"font-style:normal;font-weight:500;line-height:1\"><\/p>\n<\/div>\n<\/div>\n<\/div>\n\n\n\n<div class=\"wp-block-column is-layout-flow wp-block-column-is-layout-flow\">\n<div class=\"wp-block-group is-content-justification-left is-nowrap is-layout-flex wp-container-core-group-is-layout-5e3cdcb3 wp-block-group-is-layout-flex\">\n<div class=\"wp-block-group has-global-padding is-layout-constrained wp-block-group-is-layout-constrained\">\n<h2 class=\"wp-block-heading has-pure-white-color has-text-color has-link-color wp-elements-5dfbfe68a247441097e17a04f1a562ca\" style=\"font-style:normal;font-weight:800;line-height:1\"><\/h2>\n\n\n\n<p class=\"has-x-small-font-size\" style=\"font-style:normal;font-weight:500;line-height:1\"><\/p>\n<\/div>\n\n\n\n<div class=\"wp-block-group has-global-padding is-layout-constrained wp-block-group-is-layout-constrained\">\n<h2 class=\"wp-block-heading has-pure-white-color has-text-color has-link-color wp-elements-5dfbfe68a247441097e17a04f1a562ca\" style=\"font-style:normal;font-weight:800;line-height:1\"><\/h2>\n\n\n\n<p class=\"has-x-small-font-size\" style=\"font-style:normal;font-weight:500;line-height:1\"><\/p>\n<\/div>\n<\/div>\n<\/div>\n<\/div>\n<\/div>\n\n\n\n<div class=\"wp-block-column is-vertically-aligned-center is-layout-flow wp-block-column-is-layout-flow\" style=\"flex-basis:33.33%\"><\/div>\n<\/div>\n<\/div><\/div>\n<\/div>\n\n\n\n<div class=\"wp-block-group alignfull has-text-color has-background is-layout-flow wp-block-group-is-layout-flow\" style=\"color:#000000;background-color:#ffffff\">\n<div style=\"height:64px\" aria-hidden=\"true\" class=\"wp-block-spacer\"><\/div>\n\n\n\n<p class=\"has-text-align-center has-small-font-size\" style=\"line-height:.9\"><\/p>\n\n\n\n<h2 class=\"wp-block-heading has-text-align-center\" id=\"schedule-a-visit\" style=\"font-size:59px;line-height:1.15\"><strong>Besoin d&rsquo;informations ?<\/strong><\/h2>\n\n\n\n<div class=\"wp-block-buttons is-horizontal is-content-justification-center is-layout-flex wp-container-core-buttons-is-layout-03627597 wp-block-buttons-is-layout-flex\">\n<div class=\"wp-block-button has-custom-width wp-block-button__width-50\"><a class=\"wp-block-button__link has-text-color has-background wp-element-button\" style=\"border-radius:50px;color:#ffffff;background-color:#000000\">Contactez-nous !<\/a><\/div>\n<\/div>\n\n\n<div class=\"wpforms-container wpforms-container-full wpforms-block wpforms-block-29e14cc4-7da4-4fcf-9a35-cbd2a4886258\" id=\"wpforms-355\"><form id=\"wpforms-form-355\" class=\"wpforms-validate wpforms-form wpforms-ajax-form\" data-formid=\"355\" method=\"post\" enctype=\"multipart\/form-data\" action=\"\/index.php?rest_route=%2Fwp%2Fv2%2Fpages%2F52\" data-token=\"7c569ad7087af396e0264d12b00e56ad\" data-token-time=\"1777465687\"><noscript class=\"wpforms-error-noscript\">Veuillez activer JavaScript dans votre navigateur pour remplir ce formulaire.<\/noscript><div class=\"wpforms-field-container\"><div id=\"wpforms-355-field_1-container\" class=\"wpforms-field wpforms-field-name\" data-field-id=\"1\"><label class=\"wpforms-field-label\" for=\"wpforms-355-field_1\">Votre Nom <span class=\"wpforms-required-label\">*<\/span><\/label><input type=\"text\" id=\"wpforms-355-field_1\" class=\"wpforms-field-medium wpforms-field-required\" name=\"wpforms[fields][1]\" required><\/div><div id=\"wpforms-355-field_2-container\" class=\"wpforms-field wpforms-field-email\" data-field-id=\"2\"><label class=\"wpforms-field-label\" for=\"wpforms-355-field_2\">E-mail <span class=\"wpforms-required-label\">*<\/span><\/label><input type=\"email\" id=\"wpforms-355-field_2\" class=\"wpforms-field-medium wpforms-field-required\" name=\"wpforms[fields][2]\" spellcheck=\"false\" required><\/div><div id=\"wpforms-355-field_6-container\" class=\"wpforms-field wpforms-field-text\" data-field-id=\"6\"><label class=\"wpforms-field-label\" for=\"wpforms-355-field_6\">T\u00e9l\u00e9phone <span class=\"wpforms-required-label\">*<\/span><\/label><input type=\"text\" id=\"wpforms-355-field_6\" class=\"wpforms-field-medium wpforms-field-required\" name=\"wpforms[fields][6]\" required><\/div><div id=\"wpforms-355-field_3-container\" class=\"wpforms-field wpforms-field-text\" data-field-id=\"3\"><label class=\"wpforms-field-label\" for=\"wpforms-355-field_3\">Objet <span class=\"wpforms-required-label\">*<\/span><\/label><input type=\"text\" id=\"wpforms-355-field_3\" class=\"wpforms-field-medium wpforms-field-required\" name=\"wpforms[fields][3]\" required><\/div><div id=\"wpforms-355-field_4-container\" class=\"wpforms-field wpforms-field-textarea\" data-field-id=\"4\"><label class=\"wpforms-field-label\" for=\"wpforms-355-field_4\">Votre Message<\/label><textarea id=\"wpforms-355-field_4\" class=\"wpforms-field-medium\" name=\"wpforms[fields][4]\" ><\/textarea><\/div><\/div><!-- .wpforms-field-container --><div class=\"wpforms-recaptcha-container wpforms-is-recaptcha wpforms-is-recaptcha-type-v2\" ><div class=\"g-recaptcha\" data-sitekey=\"6LcfSREhAAAAAN779cQGCBnk7OjTlnl_0XPYawwn\"><\/div><input type=\"text\" name=\"g-recaptcha-hidden\" class=\"wpforms-recaptcha-hidden\" style=\"position:absolute!important;clip:rect(0,0,0,0)!important;height:1px!important;width:1px!important;border:0!important;overflow:hidden!important;padding:0!important;margin:0!important;\" data-rule-recaptcha=\"1\"><\/div><div class=\"wpforms-submit-container\" ><input type=\"hidden\" name=\"wpforms[id]\" value=\"355\"><input type=\"hidden\" name=\"page_title\" value=\"\"><input type=\"hidden\" name=\"page_url\" value=\"https:\/\/arse-rhonealpes.com\/index.php?rest_route=\/wp\/v2\/pages\/52\"><input type=\"hidden\" name=\"url_referer\" value=\"\"><button type=\"submit\" name=\"wpforms[submit]\" id=\"wpforms-submit-355\" class=\"wpforms-submit\" data-alt-text=\"Envoi...\" data-submit-text=\"Envoyer\" aria-live=\"assertive\" value=\"wpforms-submit\">Envoyer<\/button><img loading=\"lazy\" decoding=\"async\" src=\"https:\/\/arse-rhonealpes.com\/wp-content\/plugins\/wpforms-lite\/assets\/images\/submit-spin.svg\" class=\"wpforms-submit-spinner\" style=\"display: none;\" width=\"26\" height=\"26\" alt=\"Chargement en cours\"><\/div><\/form><\/div>  <!-- .wpforms-container --><\/div>\n\n\n\n<div class=\"wp-block-group has-global-padding is-layout-constrained wp-container-core-group-is-layout-fa5c8fbb wp-block-group-is-layout-constrained\" style=\"padding-top:var(--wp--preset--spacing--xx-large);padding-right:0;padding-bottom:var(--wp--preset--spacing--xx-large);padding-left:0\">\n<h2 class=\"wp-block-heading has-text-align-center animated animated-fadeInUp\" style=\"letter-spacing:-0.03em;line-height:1.1\">Annuaire des professionnelles<\/h2>\n\n\n\n<p class=\"has-text-align-center animated animated-fadeInUp\" style=\"padding-bottom:var(--wp--preset--spacing--medium)\"><strong>Carte interactive des socio-esth\u00e9ticiennes de l&rsquo;A.R.S.E Rh\u00f4ne-Alpes<\/strong><\/p>\n\n\n\n<p><\/p>\n\n\n\n<p class=\"has-text-align-center\">Vous recherchez une&nbsp;<strong>socio-esth\u00e9ticienne qualifi\u00e9e en Rh\u00f4ne-Alpes<\/strong>&nbsp;pour animer un atelier, r\u00e9aliser une intervention en \u00e9tablissement de sant\u00e9 ou proposer un accompagnement socio-esth\u00e9tique ?<br><br>Notre&nbsp;<strong>annuaire de socio-esth\u00e9ticiennes<\/strong>&nbsp;vous permet de localiser facilement des professionnelles form\u00e9es et exp\u00e9riment\u00e9es, disponibles pour des interventions ponctuelles ou r\u00e9guli\u00e8res, adapt\u00e9es \u00e0 vos besoins et \u00e0 ceux de vos b\u00e9n\u00e9ficiaires.<\/p>\n\n\n\n<div class=\"wp-block-columns animated animated-fadeInUp is-layout-flex wp-container-core-columns-is-layout-494b7923 wp-block-columns-is-layout-flex\"><\/div>\n<\/div>\n\n\n<style type=\"text\/css\" id=\"umsMapStyles_1_72364\">\r\n    #ultimate_maps_1_72364 {\r\n        width: 100%;\r\n        height: 800px;\r\n                border: 0px solid ;\r\n        margin: 0px;\r\n    }\r\n    #mapsControlsNum_1_72364 {\r\n        width:100%    }\r\n    .umsMapDetailsContainer#umsMapDetailsContainer_1_72364 {\r\n        height:800px;\r\n    }\r\n    .ums_MapPreview#ultimate_maps_1_72364 {\r\n        \/*position:absolute;*\/\r\n        width:100%;\r\n    }\r\n    #mapConElem_1_72364{\r\n        width:100%    }\r\n    <\/style><div class=\"ums_map_opts\" id=\"mapConElem_1_72364\" data-id=\"1\" data-view-id=\"1_72364\" > <div class=\"umsMapDetailsContainer\" id=\"umsMapDetailsContainer_1_72364\"> <i class=\"umsKMLLayersPreloader fa fa-spinner fa-spin\" aria-hidden=\"true\" style=\"display: none;\"><\/i> <div class=\"ums_MapPreview \" id=\"ultimate_maps_1_72364\"><\/div> <\/div> <div class=\"umsMapMarkerFilters\" id=\"umsMapMarkerFilters_1_72364\"> <\/div> <div class=\"umsMapProControlsCon\" id=\"umsMapProControlsCon_1_72364\"> <a title=\"WordPress Map Plugin\" style=\"display:none;\" href=\"https:\/\/supsystic.com\/plugins\/google-maps-plugin\/?utm_medium=love_link_hide\" target=\"_blank\">WordPress Map Plugin<\/a><div style=\"clear: both;\"><\/div> <\/div> <div class=\"umsMapProDirectionsCon\" id=\"umsMapProDirectionsCon_1_72364\" > <\/div> <div class=\"umsMapProKmlFilterCon\" id=\"umsMapProKmlFilterCon_1_72364\" > <\/div> <div class=\"umsSocialSharingShell umsSocialSharingShell_1_72364\"> <\/div> <div style=\"clear: both;\"><\/div> <\/div>\n","protected":false},"excerpt":{"rendered":"<p>Besoin d&rsquo;informations ? Annuaire des professionnelles Carte interactive des socio-esth\u00e9ticiennes de l&rsquo;A.R.S.E Rh\u00f4ne-Alpes Vous recherchez une&nbsp;socio-esth\u00e9ticienne qualifi\u00e9e en Rh\u00f4ne-Alpes&nbsp;pour animer un atelier, r\u00e9aliser une intervention en \u00e9tablissement de sant\u00e9 ou proposer un accompagnement socio-esth\u00e9tique ? Notre&nbsp;annuaire de socio-esth\u00e9ticiennes&nbsp;vous permet de localiser facilement des professionnelles form\u00e9es et exp\u00e9riment\u00e9es, disponibles pour des interventions ponctuelles ou r\u00e9guli\u00e8res, adapt\u00e9es [&hellip;]<\/p>\n","protected":false},"author":1,"featured_media":0,"parent":0,"menu_order":0,"comment_status":"closed","ping_status":"closed","template":"","meta":{"footnotes":""},"class_list":["post-52","page","type-page","status-publish","hentry"],"_links":{"self":[{"href":"https:\/\/arse-rhonealpes.com\/index.php?rest_route=\/wp\/v2\/pages\/52","targetHints":{"allow":["GET"]}}],"collection":[{"href":"https:\/\/arse-rhonealpes.com\/index.php?rest_route=\/wp\/v2\/pages"}],"about":[{"href":"https:\/\/arse-rhonealpes.com\/index.php?rest_route=\/wp\/v2\/types\/page"}],"author":[{"embeddable":true,"href":"https:\/\/arse-rhonealpes.com\/index.php?rest_route=\/wp\/v2\/users\/1"}],"replies":[{"embeddable":true,"href":"https:\/\/arse-rhonealpes.com\/index.php?rest_route=%2Fwp%2Fv2%2Fcomments&post=52"}],"version-history":[{"count":13,"href":"https:\/\/arse-rhonealpes.com\/index.php?rest_route=\/wp\/v2\/pages\/52\/revisions"}],"predecessor-version":[{"id":645,"href":"https:\/\/arse-rhonealpes.com\/index.php?rest_route=\/wp\/v2\/pages\/52\/revisions\/645"}],"wp:attachment":[{"href":"https:\/\/arse-rhonealpes.com\/index.php?rest_route=%2Fwp%2Fv2%2Fmedia&parent=52"}],"curies":[{"name":"wp","href":"https:\/\/api.w.org\/{rel}","templated":true}]}}